{"id":1191,"date":"2021-06-25T12:50:40","date_gmt":"2021-06-25T12:50:40","guid":{"rendered":"https:\/\/alfremancera.com\/blog\/?page_id=1191"},"modified":"2022-02-25T18:07:03","modified_gmt":"2022-02-25T18:07:03","slug":"web","status":"publish","type":"page","link":"https:\/\/alfre.info\/blog\/web\/","title":{"rendered":"Web \/ Apps"},"content":{"rendered":"<p><div class=\"fusion-fullwidth fullwidth-box fusion-builder-row-1 fusion-flex-container nonhundred-percent-fullwidth non-hundred-percent-height-scrolling\" style=\"--awb-border-radius-top-left:0px;--awb-border-radius-top-right:0px;--awb-border-radius-bottom-right:0px;--awb-border-radius-bottom-left:0px;--awb-flex-wrap:wrap;\" ><div class=\"fusion-builder-row fusion-row fusion-flex-align-items-flex-start fusion-flex-content-wrap\" style=\"max-width:728px;margin-left: calc(-4% \/ 2 );margin-right: calc(-4% \/ 2 );\"><div class=\"fusion-layout-column fusion_builder_column fusion-builder-column-0 fusion_builder_column_1_1 1_1 fusion-flex-column\" style=\"--awb-bg-size:cover;--awb-width-large:100%;--awb-margin-top-large:0px;--awb-spacing-right-large:1.92%;--awb-margin-bottom-large:20px;--awb-spacing-left-large:1.92%;--awb-width-medium:100%;--awb-order-medium:0;--awb-spacing-right-medium:1.92%;--awb-spacing-left-medium:1.92%;--awb-width-small:100%;--awb-order-small:0;--awb-spacing-right-small:1.92%;--awb-spacing-left-small:1.92%;\"><div class=\"fusion-column-wrapper fusion-column-has-shadow fusion-flex-justify-content-flex-start fusion-content-layout-column\"><div class=\"fusion-title title fusion-title-1 fusion-title-text fusion-title-size-one\"><div class=\"title-sep-container title-sep-container-left fusion-no-large-visibility fusion-no-medium-visibility fusion-no-small-visibility\"><div class=\"title-sep sep-double sep-solid\" style=\"border-color:#e0dede;\"><\/div><\/div><span class=\"awb-title-spacer fusion-no-large-visibility fusion-no-medium-visibility fusion-no-small-visibility\"><\/span><h1 class=\"fusion-title-heading title-heading-left fusion-responsive-typography-calculated\" style=\"margin:0;--fontSize:34;line-height:1.4;\">Web \/ Apps<\/h1><span class=\"awb-title-spacer\"><\/span><div class=\"title-sep-container title-sep-container-right\"><div class=\"title-sep sep-double sep-solid\" style=\"border-color:#e0dede;\"><\/div><\/div><\/div><\/div><\/div><\/div><\/div><div class=\"fusion-fullwidth fullwidth-box fusion-builder-row-2 fusion-flex-container nonhundred-percent-fullwidth non-hundred-percent-height-scrolling\" style=\"--awb-border-radius-top-left:0px;--awb-border-radius-top-right:0px;--awb-border-radius-bottom-right:0px;--awb-border-radius-bottom-left:0px;--awb-padding-top:10px;--awb-padding-bottom:50px;--awb-flex-wrap:wrap;\" ><div class=\"fusion-builder-row fusion-row fusion-flex-align-items-flex-start fusion-flex-content-wrap\" style=\"max-width:728px;margin-left: calc(-4% \/ 2 );margin-right: calc(-4% \/ 2 );\"><div class=\"fusion-layout-column fusion_builder_column fusion-builder-column-1 fusion_builder_column_1_3 1_3 fusion-flex-column\" style=\"--awb-bg-size:cover;--awb-width-large:33.333333333333%;--awb-margin-top-large:0px;--awb-spacing-right-large:5.76%;--awb-margin-bottom-large:20px;--awb-spacing-left-large:5.76%;--awb-width-medium:100%;--awb-order-medium:0;--awb-spacing-right-medium:1.92%;--awb-spacing-left-medium:1.92%;--awb-width-small:100%;--awb-order-small:0;--awb-spacing-right-small:1.92%;--awb-spacing-left-small:1.92%;\"><div class=\"fusion-column-wrapper fusion-column-has-shadow fusion-flex-justify-content-flex-start fusion-content-layout-column\"><div style=\"text-align:center;\"><a class=\"fusion-button button-flat button-xlarge button-custom fusion-button-default button-1 fusion-button-span-yes \" style=\"--button_accent_color:#ffffff;--button_accent_hover_color:#2d2d2d;--button_border_hover_color:#ffcc00;--button-border-radius-top-left:0px;--button-border-radius-top-right:0px;--button-border-radius-bottom-right:0px;--button-border-radius-bottom-left:0px;--button_gradient_top_color:#474747;--button_gradient_bottom_color:#474747;--button_gradient_top_color_hover:#ffcc00;--button_gradient_bottom_color_hover:#ffcc00;\" target=\"_self\" href=\"https:\/\/alfre.info\/blog\/crypto\"><i class=\"fa-key fas awb-button__icon awb-button__icon--default button-icon-left\" aria-hidden=\"true\"><\/i><span class=\"fusion-button-text awb-button__text awb-button__text--default\">CRYPTO<\/span><\/a><\/div><\/div><\/div><div class=\"fusion-layout-column fusion_builder_column fusion-builder-column-2 fusion_builder_column_1_3 1_3 fusion-flex-column\" style=\"--awb-bg-size:cover;--awb-width-large:33.333333333333%;--awb-margin-top-large:0px;--awb-spacing-right-large:5.76%;--awb-margin-bottom-large:20px;--awb-spacing-left-large:5.76%;--awb-width-medium:100%;--awb-order-medium:0;--awb-spacing-right-medium:1.92%;--awb-spacing-left-medium:1.92%;--awb-width-small:100%;--awb-order-small:0;--awb-spacing-right-small:1.92%;--awb-spacing-left-small:1.92%;\"><div class=\"fusion-column-wrapper fusion-column-has-shadow fusion-flex-justify-content-flex-start fusion-content-layout-column\"><div style=\"text-align:center;\"><a class=\"fusion-button button-flat button-xlarge button-custom fusion-button-default button-2 fusion-button-span-yes \" style=\"--button_accent_color:#ffffff;--button_accent_hover_color:#2d2d2d;--button_border_hover_color:#ffcc00;--button-border-radius-top-left:0px;--button-border-radius-top-right:0px;--button-border-radius-bottom-right:0px;--button-border-radius-bottom-left:0px;--button_gradient_top_color:#474747;--button_gradient_bottom_color:#474747;--button_gradient_top_color_hover:#ffcc00;--button_gradient_bottom_color_hover:#ffcc00;\" target=\"_self\" href=\"https:\/\/alfre.info\/blog\/web\"><i class=\"fa-wifi fas awb-button__icon awb-button__icon--default button-icon-left\" aria-hidden=\"true\"><\/i><span class=\"fusion-button-text awb-button__text awb-button__text--default\">WEB<\/span><\/a><\/div><\/div><\/div><div class=\"fusion-layout-column fusion_builder_column fusion-builder-column-3 fusion_builder_column_1_3 1_3 fusion-flex-column\" style=\"--awb-bg-size:cover;--awb-width-large:33.333333333333%;--awb-margin-top-large:0px;--awb-spacing-right-large:5.76%;--awb-margin-bottom-large:20px;--awb-spacing-left-large:5.76%;--awb-width-medium:100%;--awb-order-medium:0;--awb-spacing-right-medium:1.92%;--awb-spacing-left-medium:1.92%;--awb-width-small:100%;--awb-order-small:0;--awb-spacing-right-small:1.92%;--awb-spacing-left-small:1.92%;\"><div class=\"fusion-column-wrapper fusion-column-has-shadow fusion-flex-justify-content-flex-start fusion-content-layout-column\"><div style=\"text-align:center;\"><a class=\"fusion-button button-flat button-xlarge button-custom fusion-button-default button-3 fusion-button-span-yes \" style=\"--button_accent_color:#ffffff;--button_accent_hover_color:#2d2d2d;--button_border_hover_color:#ffcc00;--button-border-radius-top-left:0px;--button-border-radius-top-right:0px;--button-border-radius-bottom-right:0px;--button-border-radius-bottom-left:0px;--button_gradient_top_color:#474747;--button_gradient_bottom_color:#474747;--button_gradient_top_color_hover:#ffcc00;--button_gradient_bottom_color_hover:#ffcc00;\" target=\"_self\" href=\"https:\/\/alfre.info\/blog\/poetry\"><i class=\"fa-hand-holding-heart fas awb-button__icon awb-button__icon--default button-icon-left\" aria-hidden=\"true\"><\/i><span class=\"fusion-button-text awb-button__text awb-button__text--default\">POETRY<\/span><\/a><\/div><\/div><\/div><\/div><\/div><div class=\"fusion-fullwidth fullwidth-box fusion-builder-row-3 fusion-flex-container nonhundred-percent-fullwidth non-hundred-percent-height-scrolling\" style=\"--awb-border-radius-top-left:0px;--awb-border-radius-top-right:0px;--awb-border-radius-bottom-right:0px;--awb-border-radius-bottom-left:0px;--awb-flex-wrap:wrap;\" ><div class=\"fusion-builder-row fusion-row fusion-flex-align-items-flex-start fusion-flex-content-wrap\" style=\"max-width:728px;margin-left: calc(-4% \/ 2 );margin-right: calc(-4% \/ 2 );\"><div class=\"fusion-layout-column fusion_builder_column fusion-builder-column-4 fusion_builder_column_1_1 1_1 fusion-flex-column\" style=\"--awb-bg-size:cover;--awb-width-large:100%;--awb-margin-top-large:0px;--awb-spacing-right-large:1.92%;--awb-margin-bottom-large:20px;--awb-spacing-left-large:1.92%;--awb-width-medium:100%;--awb-order-medium:0;--awb-spacing-right-medium:1.92%;--awb-spacing-left-medium:1.92%;--awb-width-small:100%;--awb-order-small:0;--awb-spacing-right-small:1.92%;--awb-spacing-left-small:1.92%;\"><div class=\"fusion-column-wrapper fusion-column-has-shadow fusion-flex-justify-content-flex-start fusion-content-layout-column\"><div class=\"fusion-blog-shortcode fusion-blog-shortcode-1 fusion-blog-archive fusion-blog-layout-medium fusion-blog-pagination\"><div class=\"fusion-posts-container fusion-posts-container-pagination fusion-no-meta-info fusion-blog-rollover\" data-pages=\"1\"><article id=\"blog-1-post-1010\" class=\"fusion-post-medium post-1010 post type-post status-publish format-standard has-post-thumbnail hentry category-web tag-facebook tag-telegram\">\n\t<style type=\"text\/css\">\n\t\t\n\t\t\n\t\t\n\t\t\n\t\t\t<\/style>\n\n\n\t\t\t<div class=\"fusion-flexslider flexslider fusion-flexslider-loading fusion-post-slideshow\" style=\"\">\n\t\t<ul class=\"slides\">\n\t\t\t\n\t\t\t\t\t\t\t\t\t\t\t\t\t\t<li><div  class=\"fusion-image-wrapper fusion-image-size-fixed\" aria-haspopup=\"true\">\n\t\t\t\t<img decoding=\"async\" width=\"320\" height=\"202\" src=\"https:\/\/alfre.info\/blog\/wp-content\/uploads\/sites\/2\/2021\/01\/Facebook_guerra_sucia_Telegram_-320x202.jpg\" class=\"attachment-blog-medium size-blog-medium wp-post-image\" alt=\"telegra, facebook, privacidad en mensajer\u00eda\" srcset=\"https:\/\/alfre.info\/blog\/wp-content\/uploads\/sites\/2\/2021\/01\/Facebook_guerra_sucia_Telegram_-320x202.jpg 320w, https:\/\/alfre.info\/blog\/wp-content\/uploads\/sites\/2\/2021\/01\/Facebook_guerra_sucia_Telegram_-700x441.jpg 700w\" sizes=\"(max-width: 320px) 100vw, 320px\" \/><div class=\"fusion-rollover\">\n\t<div class=\"fusion-rollover-content\">\n\n\t\t\t\t\n\t\t\n\t\t\t\t\t\t\t\t\t\t\t\t<h4 class=\"fusion-rollover-title\">\n\t\t\t\t\t<a class=\"fusion-rollover-title-link\" href=\"https:\/\/alfre.info\/blog\/facebook-contra-telegram\/\">\n\t\t\t\t\t\tLa guerra sucia de Facebook contra Telegram\t\t\t\t\t<\/a>\n\t\t\t\t<\/h4>\n\t\t\t\n\t\t\t\t\t\t\t\t\n\t\t\n\t\t\t\t\t\t<a class=\"fusion-link-wrapper\" href=\"https:\/\/alfre.info\/blog\/facebook-contra-telegram\/\" aria-label=\"La guerra sucia de Facebook contra Telegram\"><\/a>\n\t<\/div>\n<\/div>\n<\/div>\n<\/li>\n\t\t\t\n\t\t\t\n\t\t\t\t\t\t\t\t\t\t\t\t\t\t\t\t\t\t\t\t\t\t\t\t\t\t\t\t\t\t\t\t\t\t\t\t\t\t\t\t\t\t\t\t\t\t\t\t\t\t\t\t\t\t\t\t\t\t\t\t\t\t\t\t\t\t\t\t<\/ul>\n\t<\/div>\n\t<div class=\"fusion-post-content post-content\"><h2 class=\"blog-shortcode-post-title entry-title\"><a href=\"https:\/\/alfre.info\/blog\/facebook-contra-telegram\/\">La guerra sucia de Facebook contra Telegram<\/a><\/h2><div class=\"fusion-post-content-container\"><p>Notas previas al contenido (I) *Esta es la traducci\u00f3n al espa\u00f1ol de una publicaci\u00f3n de Pavel Durov en su canal de Telegram. **Pavel Durov es cofundador de Telegram junto a ...<\/p><\/div><\/div><div class=\"fusion-clearfix\"><\/div><\/article>\n<article id=\"blog-1-post-939\" class=\"fusion-post-medium post-939 post type-post status-publish format-standard has-post-thumbnail hentry category-web\">\n\t<style type=\"text\/css\">\n\t\t\n\t\t\n\t\t\n\t\t\n\t\t\t<\/style>\n\n\n\t\t\t<div class=\"fusion-flexslider flexslider fusion-flexslider-loading fusion-post-slideshow\" style=\"\">\n\t\t<ul class=\"slides\">\n\t\t\t\n\t\t\t\t\t\t\t\t\t\t\t\t\t\t<li><div  class=\"fusion-image-wrapper fusion-image-size-fixed\" aria-haspopup=\"true\">\n\t\t\t\t<img decoding=\"async\" width=\"320\" height=\"202\" src=\"https:\/\/alfre.info\/blog\/wp-content\/uploads\/sites\/2\/2020\/10\/programas_privacidad-320x202.jpg\" class=\"attachment-blog-medium size-blog-medium wp-post-image\" alt=\"programas para privacidad, aplicaciones para privacidad\" srcset=\"https:\/\/alfre.info\/blog\/wp-content\/uploads\/sites\/2\/2020\/10\/programas_privacidad-320x202.jpg 320w, https:\/\/alfre.info\/blog\/wp-content\/uploads\/sites\/2\/2020\/10\/programas_privacidad-700x441.jpg 700w\" sizes=\"(max-width: 320px) 100vw, 320px\" \/><div class=\"fusion-rollover\">\n\t<div class=\"fusion-rollover-content\">\n\n\t\t\t\t\n\t\t\n\t\t\t\t\t\t\t\t\t\t\t\t<h4 class=\"fusion-rollover-title\">\n\t\t\t\t\t<a class=\"fusion-rollover-title-link\" href=\"https:\/\/alfre.info\/blog\/herramientas-privacidad\/\">\n\t\t\t\t\t\tHerramientas para tu privacidad\t\t\t\t\t<\/a>\n\t\t\t\t<\/h4>\n\t\t\t\n\t\t\t\t\t\t\t\t\n\t\t\n\t\t\t\t\t\t<a class=\"fusion-link-wrapper\" href=\"https:\/\/alfre.info\/blog\/herramientas-privacidad\/\" aria-label=\"Herramientas para tu privacidad\"><\/a>\n\t<\/div>\n<\/div>\n<\/div>\n<\/li>\n\t\t\t\n\t\t\t\n\t\t\t\t\t\t\t\t\t\t\t\t\t\t\t\t\t\t\t\t\t\t\t\t\t\t\t\t\t\t\t\t\t\t\t\t\t\t\t\t\t\t\t\t\t\t\t\t\t\t\t\t\t\t\t\t\t\t\t\t\t\t\t\t\t\t\t\t<\/ul>\n\t<\/div>\n\t<div class=\"fusion-post-content post-content\"><h2 class=\"blog-shortcode-post-title entry-title\"><a href=\"https:\/\/alfre.info\/blog\/herramientas-privacidad\/\">Herramientas para tu privacidad<\/a><\/h2><div class=\"fusion-post-content-container\"><p>El siguiente art\u00edculo presenta aplicaciones que uso y recomiendo a todas las personas que est\u00e9n interesadas en preservar su privaciad, y proteger sus datos y vida digital. Este post no ...<\/p><\/div><\/div><div class=\"fusion-clearfix\"><\/div><\/article>\n<article id=\"blog-1-post-562\" class=\"fusion-post-medium post-562 post type-post status-publish format-standard has-post-thumbnail hentry category-web\">\n\t<style type=\"text\/css\">\n\t\t\n\t\t\n\t\t\n\t\t\n\t\t\t<\/style>\n\n\n\t\t\t<div class=\"fusion-flexslider flexslider fusion-flexslider-loading fusion-post-slideshow\" style=\"\">\n\t\t<ul class=\"slides\">\n\t\t\t\n\t\t\t\t\t\t\t\t\t\t\t\t\t\t<li><div  class=\"fusion-image-wrapper fusion-image-size-fixed\" aria-haspopup=\"true\">\n\t\t\t\t<img decoding=\"async\" width=\"320\" height=\"202\" src=\"https:\/\/alfre.info\/blog\/wp-content\/uploads\/sites\/2\/2016\/10\/Como-hacer-una-transferencia-dominio-320x202.jpg\" class=\"attachment-blog-medium size-blog-medium wp-post-image\" alt=\"como hacer una transferencia de dominio, como transferir un dominio de godaddy a namecheap\" \/><div class=\"fusion-rollover\">\n\t<div class=\"fusion-rollover-content\">\n\n\t\t\t\t\n\t\t\n\t\t\t\t\t\t\t\t\t\t\t\t<h4 class=\"fusion-rollover-title\">\n\t\t\t\t\t<a class=\"fusion-rollover-title-link\" href=\"https:\/\/alfre.info\/blog\/como-hacer-una-transferencia-de-dominio-godaddy-namecheap\/\">\n\t\t\t\t\t\tC\u00f3mo hacer una transferencia de dominio de GoDaddy a Namecheap\t\t\t\t\t<\/a>\n\t\t\t\t<\/h4>\n\t\t\t\n\t\t\t\t\t\t\t\t\n\t\t\n\t\t\t\t\t\t<a class=\"fusion-link-wrapper\" href=\"https:\/\/alfre.info\/blog\/como-hacer-una-transferencia-de-dominio-godaddy-namecheap\/\" aria-label=\"C\u00f3mo hacer una transferencia de dominio de GoDaddy a Namecheap\"><\/a>\n\t<\/div>\n<\/div>\n<\/div>\n<\/li>\n\t\t\t\n\t\t\t\n\t\t\t\t\t\t\t\t\t\t\t\t\t\t\t\t\t\t\t\t\t\t\t\t\t\t\t\t\t\t\t\t\t\t\t\t\t\t\t\t\t\t\t\t\t\t\t\t\t\t\t\t\t\t\t\t\t\t\t\t\t\t\t\t\t\t\t\t<\/ul>\n\t<\/div>\n\t<div class=\"fusion-post-content post-content\"><h2 class=\"blog-shortcode-post-title entry-title\"><a href=\"https:\/\/alfre.info\/blog\/como-hacer-una-transferencia-de-dominio-godaddy-namecheap\/\">C\u00f3mo hacer una transferencia de dominio de GoDaddy a Namecheap<\/a><\/h2><div class=\"fusion-post-content-container\"><p><\/p><p>     Este post es un tutorial sobre c\u00f3mo hacer una transferencia de dominio desde Godaddy a Namecheap e incluye versi\u00f3n escrita y de v\u00eddeo. Despu\u00e9s de ...<\/p><\/div><\/div><div class=\"fusion-clearfix\"><\/div><\/article>\n<article id=\"blog-1-post-397\" class=\"fusion-post-medium post-397 post type-post status-publish format-standard has-post-thumbnail hentry category-crypto category-web\">\n\t<style type=\"text\/css\">\n\t\t\n\t\t\n\t\t\n\t\t\n\t\t\t<\/style>\n\n\n\t\t\t<div class=\"fusion-flexslider flexslider fusion-flexslider-loading fusion-post-slideshow\" style=\"\">\n\t\t<ul class=\"slides\">\n\t\t\t\n\t\t\t\t\t\t\t\t\t\t\t\t\t\t<li><div  class=\"fusion-image-wrapper fusion-image-size-fixed\" aria-haspopup=\"true\">\n\t\t\t\t<img decoding=\"async\" width=\"320\" height=\"202\" src=\"https:\/\/alfre.info\/blog\/wp-content\/uploads\/sites\/2\/2015\/12\/como-comprar-hosting-bitcoin-320x202.jpg\" class=\"attachment-blog-medium size-blog-medium wp-post-image\" alt=\"como comprar dominio con bitcoins, comprar servidor con bitcoins, como comprar con namecheap, el mejor sitio para comprar un dominio\" \/><div class=\"fusion-rollover\">\n\t<div class=\"fusion-rollover-content\">\n\n\t\t\t\t\n\t\t\n\t\t\t\t\t\t\t\t\t\t\t\t<h4 class=\"fusion-rollover-title\">\n\t\t\t\t\t<a class=\"fusion-rollover-title-link\" href=\"https:\/\/alfre.info\/blog\/comprar-dominios-hosting-bitcoins\/\">\n\t\t\t\t\t\tC\u00f3mo comprar dominios y hosting con Bitcoin\t\t\t\t\t<\/a>\n\t\t\t\t<\/h4>\n\t\t\t\n\t\t\t\t\t\t\t\t\n\t\t\n\t\t\t\t\t\t<a class=\"fusion-link-wrapper\" href=\"https:\/\/alfre.info\/blog\/comprar-dominios-hosting-bitcoins\/\" aria-label=\"C\u00f3mo comprar dominios y hosting con Bitcoin\"><\/a>\n\t<\/div>\n<\/div>\n<\/div>\n<\/li>\n\t\t\t\n\t\t\t\n\t\t\t\t\t\t\t\t\t\t\t\t\t\t\t\t\t\t\t\t\t\t\t\t\t\t\t\t\t\t\t\t\t\t\t\t\t\t\t\t\t\t\t\t\t\t\t\t\t\t\t\t\t\t\t\t\t\t\t\t\t\t\t\t\t\t\t\t<\/ul>\n\t<\/div>\n\t<div class=\"fusion-post-content post-content\"><h2 class=\"blog-shortcode-post-title entry-title\"><a href=\"https:\/\/alfre.info\/blog\/comprar-dominios-hosting-bitcoins\/\">C\u00f3mo comprar dominios y hosting con Bitcoin<\/a><\/h2><div class=\"fusion-post-content-container\"><p><\/p><p>      Este art\u00edculo ense\u00f1a c\u00f3mo comprar dominios y hosting con bitcoins. En el v\u00eddeo puedes ver de forma pr\u00e1ctica c\u00f3mo se realiza cada paso. \u00bfQu\u00e9 ...<\/p><\/div><\/div><div class=\"fusion-clearfix\"><\/div><\/article>\n<article id=\"blog-1-post-292\" class=\"fusion-post-medium post-292 post type-post status-publish format-standard has-post-thumbnail hentry category-web\">\n\t<style type=\"text\/css\">\n\t\t\n\t\t\n\t\t\n\t\t\n\t\t\t<\/style>\n\n\n\t\t\t<div class=\"fusion-flexslider flexslider fusion-flexslider-loading fusion-post-slideshow\" style=\"\">\n\t\t<ul class=\"slides\">\n\t\t\t\n\t\t\t\t\t\t\t\t\t\t\t\t\t\t<li><div  class=\"fusion-image-wrapper fusion-image-size-fixed\" aria-haspopup=\"true\">\n\t\t\t\t<img decoding=\"async\" width=\"320\" height=\"202\" src=\"https:\/\/alfre.info\/blog\/wp-content\/uploads\/sites\/2\/2015\/12\/telegram-whatsapp-facebook-vk-320x202.jpg\" class=\"attachment-blog-medium size-blog-medium wp-post-image\" alt=\"historia de telegram, historia de facebook, histotia de vk,\" \/><div class=\"fusion-rollover\">\n\t<div class=\"fusion-rollover-content\">\n\n\t\t\t\t\n\t\t\n\t\t\t\t\t\t\t\t\t\t\t\t<h4 class=\"fusion-rollover-title\">\n\t\t\t\t\t<a class=\"fusion-rollover-title-link\" href=\"https:\/\/alfre.info\/blog\/telegram-cronologia-una-historia-paralela\/\">\n\t\t\t\t\t\tTelegram: Cronolog\u00eda de una historia paralela\t\t\t\t\t<\/a>\n\t\t\t\t<\/h4>\n\t\t\t\n\t\t\t\t\t\t\t\t\n\t\t\n\t\t\t\t\t\t<a class=\"fusion-link-wrapper\" href=\"https:\/\/alfre.info\/blog\/telegram-cronologia-una-historia-paralela\/\" aria-label=\"Telegram: Cronolog\u00eda de una historia paralela\"><\/a>\n\t<\/div>\n<\/div>\n<\/div>\n<\/li>\n\t\t\t\n\t\t\t\n\t\t\t\t\t\t\t\t\t\t\t\t\t\t\t\t\t\t\t\t\t\t\t\t\t\t\t\t\t\t\t\t\t\t\t\t\t\t\t\t\t\t\t\t\t\t\t\t\t\t\t\t\t\t\t\t\t\t\t\t\t\t\t\t\t\t\t\t<\/ul>\n\t<\/div>\n\t<div class=\"fusion-post-content post-content\"><h2 class=\"blog-shortcode-post-title entry-title\"><a href=\"https:\/\/alfre.info\/blog\/telegram-cronologia-una-historia-paralela\/\">Telegram: Cronolog\u00eda de una historia paralela<\/a><\/h2><div class=\"fusion-post-content-container\"><p><\/p><p>Este art\u00edculo va sobre Telegram. Bueno, va sobre Facebook, VKontakte, Whatsapp y Telegram. Esto es un repaso cronol\u00f3gico sobre algunos de los puntos destacados de la trayectoria de estas cuatro ...<\/p><\/div><\/div><div class=\"fusion-clearfix\"><\/div><\/article>\n<\/div><\/div><\/div><\/div><\/div><\/div><\/p>\n","protected":false},"excerpt":{"rendered":"","protected":false},"author":2,"featured_media":0,"parent":0,"menu_order":0,"comment_status":"closed","ping_status":"closed","template":"","meta":{"footnotes":""},"class_list":["post-1191","page","type-page","status-publish","hentry"],"yoast_head":"<!-- This site is optimized with the Yoast SEO plugin v25.8 - https:\/\/yoast.com\/wordpress\/plugins\/seo\/ -->\n<title>Web \/ Apps - Trustless Blog<\/title>\n<meta name=\"robots\" content=\"index, follow, max-snippet:-1, max-image-preview:large, max-video-preview:-1\" \/>\n<link rel=\"canonical\" href=\"https:\/\/alfre.info\/blog\/web\/\" \/>\n<meta property=\"og:locale\" content=\"es_ES\" \/>\n<meta property=\"og:type\" content=\"article\" \/>\n<meta property=\"og:title\" content=\"Web \/ Apps - Trustless Blog\" \/>\n<meta property=\"og:url\" content=\"https:\/\/alfre.info\/blog\/web\/\" \/>\n<meta property=\"og:site_name\" content=\"Trustless Blog\" \/>\n<meta property=\"article:modified_time\" content=\"2022-02-25T18:07:03+00:00\" \/>\n<meta name=\"twitter:card\" content=\"summary_large_image\" \/>\n<meta name=\"twitter:label1\" content=\"Tiempo de lectura\" \/>\n\t<meta name=\"twitter:data1\" content=\"2 minutos\" \/>\n<script type=\"application\/ld+json\" class=\"yoast-schema-graph\">{\"@context\":\"https:\/\/schema.org\",\"@graph\":[{\"@type\":\"WebPage\",\"@id\":\"https:\/\/alfre.info\/blog\/web\/\",\"url\":\"https:\/\/alfre.info\/blog\/web\/\",\"name\":\"Web \/ Apps - Trustless Blog\",\"isPartOf\":{\"@id\":\"https:\/\/alfre.info\/blog\/#website\"},\"datePublished\":\"2021-06-25T12:50:40+00:00\",\"dateModified\":\"2022-02-25T18:07:03+00:00\",\"breadcrumb\":{\"@id\":\"https:\/\/alfre.info\/blog\/web\/#breadcrumb\"},\"inLanguage\":\"es\",\"potentialAction\":[{\"@type\":\"ReadAction\",\"target\":[\"https:\/\/alfre.info\/blog\/web\/\"]}]},{\"@type\":\"BreadcrumbList\",\"@id\":\"https:\/\/alfre.info\/blog\/web\/#breadcrumb\",\"itemListElement\":[{\"@type\":\"ListItem\",\"position\":1,\"name\":\"Portada\",\"item\":\"https:\/\/alfre.info\/blog\/\"},{\"@type\":\"ListItem\",\"position\":2,\"name\":\"Web \/ Apps\"}]},{\"@type\":\"WebSite\",\"@id\":\"https:\/\/alfre.info\/blog\/#website\",\"url\":\"https:\/\/alfre.info\/blog\/\",\"name\":\"Trustless Blog\",\"description\":\"Divulgaci\u00f3n de Bitcoin y Cultura Crypto\",\"potentialAction\":[{\"@type\":\"SearchAction\",\"target\":{\"@type\":\"EntryPoint\",\"urlTemplate\":\"https:\/\/alfre.info\/blog\/?s={search_term_string}\"},\"query-input\":{\"@type\":\"PropertyValueSpecification\",\"valueRequired\":true,\"valueName\":\"search_term_string\"}}],\"inLanguage\":\"es\"}]}<\/script>\n<!-- \/ Yoast SEO plugin. -->","yoast_head_json":{"title":"Web \/ Apps - Trustless Blog","robots":{"index":"index","follow":"follow","max-snippet":"max-snippet:-1","max-image-preview":"max-image-preview:large","max-video-preview":"max-video-preview:-1"},"canonical":"https:\/\/alfre.info\/blog\/web\/","og_locale":"es_ES","og_type":"article","og_title":"Web \/ Apps - Trustless Blog","og_url":"https:\/\/alfre.info\/blog\/web\/","og_site_name":"Trustless Blog","article_modified_time":"2022-02-25T18:07:03+00:00","twitter_card":"summary_large_image","twitter_misc":{"Tiempo de lectura":"2 minutos"},"schema":{"@context":"https:\/\/schema.org","@graph":[{"@type":"WebPage","@id":"https:\/\/alfre.info\/blog\/web\/","url":"https:\/\/alfre.info\/blog\/web\/","name":"Web \/ Apps - Trustless Blog","isPartOf":{"@id":"https:\/\/alfre.info\/blog\/#website"},"datePublished":"2021-06-25T12:50:40+00:00","dateModified":"2022-02-25T18:07:03+00:00","breadcrumb":{"@id":"https:\/\/alfre.info\/blog\/web\/#breadcrumb"},"inLanguage":"es","potentialAction":[{"@type":"ReadAction","target":["https:\/\/alfre.info\/blog\/web\/"]}]},{"@type":"BreadcrumbList","@id":"https:\/\/alfre.info\/blog\/web\/#breadcrumb","itemListElement":[{"@type":"ListItem","position":1,"name":"Portada","item":"https:\/\/alfre.info\/blog\/"},{"@type":"ListItem","position":2,"name":"Web \/ Apps"}]},{"@type":"WebSite","@id":"https:\/\/alfre.info\/blog\/#website","url":"https:\/\/alfre.info\/blog\/","name":"Trustless Blog","description":"Divulgaci\u00f3n de Bitcoin y Cultura Crypto","potentialAction":[{"@type":"SearchAction","target":{"@type":"EntryPoint","urlTemplate":"https:\/\/alfre.info\/blog\/?s={search_term_string}"},"query-input":{"@type":"PropertyValueSpecification","valueRequired":true,"valueName":"search_term_string"}}],"inLanguage":"es"}]}},"_links":{"self":[{"href":"https:\/\/alfre.info\/blog\/wp-json\/wp\/v2\/pages\/1191","targetHints":{"allow":["GET"]}}],"collection":[{"href":"https:\/\/alfre.info\/blog\/wp-json\/wp\/v2\/pages"}],"about":[{"href":"https:\/\/alfre.info\/blog\/wp-json\/wp\/v2\/types\/page"}],"author":[{"embeddable":true,"href":"https:\/\/alfre.info\/blog\/wp-json\/wp\/v2\/users\/2"}],"replies":[{"embeddable":true,"href":"https:\/\/alfre.info\/blog\/wp-json\/wp\/v2\/comments?post=1191"}],"version-history":[{"count":1,"href":"https:\/\/alfre.info\/blog\/wp-json\/wp\/v2\/pages\/1191\/revisions"}],"predecessor-version":[{"id":1439,"href":"https:\/\/alfre.info\/blog\/wp-json\/wp\/v2\/pages\/1191\/revisions\/1439"}],"wp:attachment":[{"href":"https:\/\/alfre.info\/blog\/wp-json\/wp\/v2\/media?parent=1191"}],"curies":[{"name":"wp","href":"https:\/\/api.w.org\/{rel}","templated":true}]}}